{"id":592,"date":"2013-06-14T15:31:17","date_gmt":"2013-06-14T13:31:17","guid":{"rendered":"http:\/\/www.salsa-im-wendland.de\/?page_id=592"},"modified":"2025-05-21T10:28:45","modified_gmt":"2025-05-21T08:28:45","slug":"uber-uns","status":"publish","type":"page","link":"http:\/\/www.salsa-im-wendland.de\/?page_id=592","title":{"rendered":"\u00dcber uns"},"content":{"rendered":"<p>Wir sind eine Gruppe tanzbegeisteter Menschen im Wendland, dem \u00f6stlichsten Zipfel Niedersachsens. Unser Club steht allen offen, die Mitgliedschaft wird \u00fcber einen freiwilligen Clubbeitrag geregelt. Mit 2,00\u20ac, 3,50\u20ac oder 5 \u20ac pro Person monatlich &#8211; ganz nach eigenem Ermessen &#8211;\u00a0 bzw. bei j\u00e4hrlicher \u00dcberweisung von 20, 35 oder 50 \u20ac, also mit kleinem Rabatt, ist man dabei und automatisch Clubmitglied. Die Clubkasse wird ausschlie\u00dflich zum Sponsoring von Salsaevents eingesetzt. Eine j\u00e4hrliche Clubsitzung wird einberufen, um \u00fcber die Verwendung des Geldes Rechenschaft abzulegen, Vorausschau zu betreiben und eine nette Clubparty zu feiern.<\/p>\n<h1>Kontakt \/ Impressum<\/h1>\n<p>Salsa Club Wendland<br \/>\nc\/o Matthias Carnap<br \/>\nPisselberg 14<br \/>\n29451 Dannenberg \/ Elbe<br \/>\nTel: 0170 2988325<br \/>\nWhatsapp\/Signal<\/p>\n<h1>Kontoverbindung<\/h1>\n<p>IBAN: DE77 3002 0900 3670 1210 50<br \/>\nKontoinhaberin: Margrit Heiseke<\/p>\n<p style=\"text-align: left;\"><a title=\"Impressum\" href=\"http:\/\/www.salsa-im-wendland.de\/haftungsausschluss\/\">Haftungsausschluss<\/a><\/p>\n","protected":false},"excerpt":{"rendered":"<p>Wir sind eine Gruppe tanzbegeisteter Menschen im Wendland, dem \u00f6stlichsten Zipfel Niedersachsens. Unser Club steht allen offen, die Mitgliedschaft wird \u00fcber einen freiwilligen Clubbeitrag geregelt. Mit 2,00\u20ac, 3,50\u20ac oder 5 \u20ac pro Person monatlich &#8211; ganz nach eigenem Ermessen &#8211;\u00a0 &hellip; <a href=\"http:\/\/www.salsa-im-wendland.de\/?page_id=592\">Weiterlesen <span class=\"meta-nav\">&rarr;<\/span><\/a><\/p>\n","protected":false},"author":1,"featured_media":0,"parent":0,"menu_order":0,"comment_status":"closed","ping_status":"open","template":"","meta":[],"_links":{"self":[{"href":"http:\/\/www.salsa-im-wendland.de\/index.php?rest_route=\/wp\/v2\/pages\/592"}],"collection":[{"href":"http:\/\/www.salsa-im-wendland.de\/index.php?rest_route=\/wp\/v2\/pages"}],"about":[{"href":"http:\/\/www.salsa-im-wendland.de\/index.php?rest_route=\/wp\/v2\/types\/page"}],"author":[{"embeddable":true,"href":"http:\/\/www.salsa-im-wendland.de\/index.php?rest_route=\/wp\/v2\/users\/1"}],"replies":[{"embeddable":true,"href":"http:\/\/www.salsa-im-wendland.de\/index.php?rest_route=%2Fwp%2Fv2%2Fcomments&post=592"}],"version-history":[{"count":4,"href":"http:\/\/www.salsa-im-wendland.de\/index.php?rest_route=\/wp\/v2\/pages\/592\/revisions"}],"predecessor-version":[{"id":3414,"href":"http:\/\/www.salsa-im-wendland.de\/index.php?rest_route=\/wp\/v2\/pages\/592\/revisions\/3414"}],"wp:attachment":[{"href":"http:\/\/www.salsa-im-wendland.de\/index.php?rest_route=%2Fwp%2Fv2%2Fmedia&parent=592"}],"curies":[{"name":"wp","href":"https:\/\/api.w.org\/{rel}","templated":true}]}}