{"id":1011,"date":"2013-08-27T17:43:20","date_gmt":"2013-08-27T15:43:20","guid":{"rendered":"http:\/\/www.salsa-im-wendland.de\/?page_id=1011"},"modified":"2025-08-27T12:51:21","modified_gmt":"2025-08-27T10:51:21","slug":"salsa-tanzkurse-im-wendland","status":"publish","type":"page","link":"http:\/\/www.salsa-im-wendland.de\/?page_id=1011","title":{"rendered":"Salsa-Tanzkurse im Wendland"},"content":{"rendered":"<h2><span style=\"color: #f49100;\"><strong>L\u00fcchow, Tarmitzer Stra\u00dfe<\/strong><\/span><\/h2>\n<p><strong>Workshop f\u00fcr Einsteiger\/innen am Sonntag &#8230;&#8230;&#8230; 15.00 bis 18.00 Uhr<br \/><\/strong><\/p>\n<p>In diesem dreist\u00fcndigen Workshop erarbeiten wir uns in einem lockeren Training Grundschritt-Variationen des Salsa. Die erlernten Schritte probieren wir im Paartanz aus, bringen es zu ersten Drehungen + Figuren, erg\u00e4nzt mit Partner- und Rhythmus\u00fcbungen.<br \/>Bitte bei Interesse anrufen: 0179 5440054<\/p>\n<p><span style=\"color: #000000;\"><strong>Salsakurs f\u00fcr Anf\u00e4ngerInnen mit Vorkenntnissen<\/strong><\/span><br \/>Beginn ab Dienstag, den\u00a0 &#8230;&#8230;&#8230;&#8230;<strong>\u00a0<\/strong>von 20.00 Uhr bis 21.30 Uhr.<br \/>Grundschrittvariationen, Partner- und Rhythmus\u00fcbungen, erste Drehungen und dabei viel Spa\u00df!<\/p>\n<p><strong>Salsakurs f\u00fcr Fortgeschrittene<\/strong><br \/>Beginn ab Dienstag, den <strong>\u00a028. Oktober 2025\u00a0<\/strong> von 18.30 Uhr bis 20.00 Uhr.<br \/>Wir steigern das Tempo und kommen mit neuen Figuren, Partner- + Rhythmus\u00fcbungen, Rueda und Synchrondancing noch mehr in Schwung!<\/p>\n<h2><span style=\"color: #f49100;\"><strong>Dannenberg, Gymnasium<\/strong><\/span><\/h2>\n<p><strong>Salsakurs f\u00fcr Anf\u00e4nger:innen<br \/><\/strong>Beginn ab Mittwoch, den &#8230;&#8230; von 18.30 Uhr bis 20.00 Uhr.<br \/>Grundschrittvariationen, Partner- und Rhythmus\u00fcbungen, erste Drehungen und dabei viel Spa\u00df!<\/p>\n<p><strong>Salsakurs: Einstieg in die Rueda de Casino<\/strong><br \/>Beginn ab Mittwoch, den &#8230;.. <b>\u00a0<\/b>von 20.00 Uhr bis 21.30 Uhr.<br \/>Mit diesem Kurs starten wir in den Kreistanz des Salsa. Auf Zuruf des &#8222;Cantante&#8220; werden synchron Figuren getanzt und danach wird weiter im Kreis zum n\u00e4chsten F\u00fchrenden gewechselt. Schon in den ersten \u00dcbungen gibt es hohen Adrenalin-Aussto\u00df und viel Spa\u00df!<\/p>\n<p>\u00a0<\/p>\n<h2><span style=\"color: #f49100;\"><strong>Tanzabende der Salsakurse im Kulturverein Platenlaase<\/strong><\/span><\/h2>\n<p>Die Tanzabende der Salsakurse laden <em><strong>alle Interessierten<\/strong><\/em> ein und bieten ein kostenloses Salsatrainig zu Beginn des Tanzabends an!<br \/>Kommt vorbei !!<br \/>zu Rumba buena y Salsa caliente<\/p>\n<p><strong>am Samstag, dem 20. September 2025<\/strong><strong>\u00a0 a<\/strong><strong>b 19 Uhr<br \/><\/strong><\/p>\n<p style=\"text-align: left;\"><a href=\"_wp_link_placeholder\" data-wplink-edit=\"true\">Weitere<\/a> Info und Anmeldung zu den Kursen \u00fcber Matthias:\u00a00179 5440054 \/ matthiascarnap@googlemail.com<br \/>oder \u00fcber die <strong>KVHS:\u00a0 www.allesbildung.de<\/strong><\/p>\n\n\n<p><\/p>\n","protected":false},"excerpt":{"rendered":"<p>L\u00fcchow, Tarmitzer Stra\u00dfe Workshop f\u00fcr Einsteiger\/innen am Sonntag &#8230;&#8230;&#8230; 15.00 bis 18.00 Uhr In diesem dreist\u00fcndigen Workshop erarbeiten wir uns in einem lockeren Training Grundschritt-Variationen des Salsa. Die erlernten Schritte probieren wir im Paartanz aus, bringen es zu ersten Drehungen &hellip; <a href=\"http:\/\/www.salsa-im-wendland.de\/?page_id=1011\">Weiterlesen <span class=\"meta-nav\">&rarr;<\/span><\/a><\/p>\n","protected":false},"author":1,"featured_media":0,"parent":0,"menu_order":0,"comment_status":"closed","ping_status":"open","template":"","meta":[],"_links":{"self":[{"href":"http:\/\/www.salsa-im-wendland.de\/index.php?rest_route=\/wp\/v2\/pages\/1011"}],"collection":[{"href":"http:\/\/www.salsa-im-wendland.de\/index.php?rest_route=\/wp\/v2\/pages"}],"about":[{"href":"http:\/\/www.salsa-im-wendland.de\/index.php?rest_route=\/wp\/v2\/types\/page"}],"author":[{"embeddable":true,"href":"http:\/\/www.salsa-im-wendland.de\/index.php?rest_route=\/wp\/v2\/users\/1"}],"replies":[{"embeddable":true,"href":"http:\/\/www.salsa-im-wendland.de\/index.php?rest_route=%2Fwp%2Fv2%2Fcomments&post=1011"}],"version-history":[{"count":22,"href":"http:\/\/www.salsa-im-wendland.de\/index.php?rest_route=\/wp\/v2\/pages\/1011\/revisions"}],"predecessor-version":[{"id":3439,"href":"http:\/\/www.salsa-im-wendland.de\/index.php?rest_route=\/wp\/v2\/pages\/1011\/revisions\/3439"}],"wp:attachment":[{"href":"http:\/\/www.salsa-im-wendland.de\/index.php?rest_route=%2Fwp%2Fv2%2Fmedia&parent=1011"}],"curies":[{"name":"wp","href":"https:\/\/api.w.org\/{rel}","templated":true}]}}